{"id":3,"date":"2024-11-15T11:24:48","date_gmt":"2024-11-15T11:24:48","guid":{"rendered":"https:\/\/www.canskye.com\/?page_id=3"},"modified":"2024-12-08T18:30:23","modified_gmt":"2024-12-08T17:30:23","slug":"privacy-policy","status":"publish","type":"page","link":"https:\/\/www.canskye.com\/es\/politica-de-privacidad\/","title":{"rendered":"Aviso Legal + Pol\u00edtica de Privacidad"},"content":{"rendered":"<p><strong>CONDICIONES LEGALES Y SU ACEPTACI\u00d3N<\/strong><\/p>\n<p><strong>A fecha de 13 de Marzo de 2024<\/strong><\/p>\n<p>Estas condiciones generales, regulan el uso del servicio del portal de Internet https:\/\/www.canskye.com<\/p>\n<p><strong>OBJETO<\/strong><\/p>\n<p>A trav\u00e9s de canskye.com, se facilita a los usuarios el acceso y la utilizaci\u00f3n de diversos servicios y contenidos que est\u00e1n a disposici\u00f3n. canskye.com se reserva el derecho a modificar unilateralmente, en cualquier momento y sin aviso previo, la presentaci\u00f3n y la configuraci\u00f3n de la web, as\u00ed como tambi\u00e9n se reserva el derecho a modificar o eliminar algunos contenidos.<\/p>\n<p><strong>CONDICIONES DE ACCESO Y FUNCIONAMIENTO DEL PORTAL<\/strong><\/p>\n<p>La p\u00e1gina web canskye.com es totalmente gratuita para sus usuarios. El usuario se compromete a utilizar el portal de manera correcta y de acuerdo con la ley. En caso de provocar perjuicios a canskye.com, ser\u00e1 responsable de los da\u00f1os provocados.<br \/>\ncanskye.com no se hace cargo del mal uso del portal y de irregularidades en los dispositivos de los usuarios, de las cuales ser\u00e1n responsables los propios usuarios.<\/p>\n<p><strong>POL\u00cdTICA DE PRIVACIDAD DE DATOS PERSONALES<\/strong><\/p>\n<p>La Pol\u00edtica de Privacidad forma parte de las Condiciones Generales que rigen la p\u00e1gina canskye.com junto con la Pol\u00edtica de Cookies y el Aviso Legal.<br \/>\ncanskye.com respeta la legislaci\u00f3n vigente en materia de protecci\u00f3n de datos personales, la privacidad de los usuarios y el secreto y seguridad de los datos personales, de conformidad con lo establecido en la legislaci\u00f3n aplicable en materia de protecci\u00f3n de datos, en concreto, el Reglamento 2016\/679 del Parlamento Europeo y del Consejo de 27 de abril de 2016 y la Ley Org\u00e1nica de Protecci\u00f3n de Datos y Garant\u00eda de Derechos Digitales 3\/2018, de 5 de diciembre y de sus normas de desarrollo, adoptando para ello las medidas t\u00e9cnicas y organizativas necesarias para evitar la p\u00e9rdida, mal uso, alteraci\u00f3n, acceso no autorizado y robo de los datos personales facilitados, habida cuenta del estado de la tecnolog\u00eda, la naturaleza de los datos y los riesgos a los que est\u00e1n expuestos.<\/p>\n<p><strong>\u00bfQui\u00e9n es el Responsable del tratamiento de sus datos personales?<\/strong><\/p>\n<p>Los datos que se recojan o nos facilites voluntariamente por medio de la P\u00e1gina Web, ya sea por la navegaci\u00f3n en la misma, as\u00ed como todos aquellos que nos puedas facilitar en los formularios de contacto, v\u00eda email o por tel\u00e9fono, ser\u00e1n recabados y tratados por el Responsable del tratamiento, cuyos datos se indican a continuaci\u00f3n.<\/p>\n<p>Los datos de identificaci\u00f3n del RESPONSABLE DEL TRATAMIENTO son los siguientes:<\/p>\n<p>\u2022 NOMBRE EMPRESA : CAN SKYE IBIZA SL<br \/>\n\u2022 CIF:B57973521<br \/>\n\u2022 DIRECCI\u00d3N EMPRESA: Calle Finca Can Skye Poligono 8 41 SANT CARLE. 07840, Santa Eulalia Del Rio (Illes Balears). Espa\u00f1a<br \/>\n\u2022 EMAIL EMPRESA:\u00a0 info@canskye.com<br \/>\n\u2022 TELEFONO: +34 665139886<\/p>\n<p>\u2022 PERSONA RESPONSABLE DE CONTACTO: Anna Wikstrom<br \/>\n\u2022 DIRECCI\u00d3N ; Calle Finca Can Skye Poligono 8 41 SANT CARLE. 07840, Santa Eulalia Del Rio (Illes Balears). Espa\u00f1a<br \/>\n\u2022 EMAIL EMPRESA:\u00a0 info@canskye.com<br \/>\n\u2022 TELEFONO: +34 665139886<br \/>\n\u2022 WEB: canskye.com<\/p>\n<p>Para cualquier gesti\u00f3n de protecci\u00f3n de datos puede contactar mediante un correo electr\u00f3nico a info@canskye.com, poniendo en asunto:\u00a0<strong>RGPD<\/strong><\/p>\n<p><strong>\u00bfCon que finalidades vamos a tratar sus datos personales?<\/strong><\/p>\n<p>Contestar a tus consultas, solicitudes o peticiones. Gestionar el servicio solicitado, contestar tu solicitud, o tramitar tu petici\u00f3n, de las distintas propuestas que proponemos desde nuestra WEB.<br \/>\nInformaci\u00f3n por medios electr\u00f3nicos, que versen sobre tu solicitud.<br \/>\nPara tratamiento de las distintas finalidades en funci\u00f3n de los servicios que sean objeto de prestaci\u00f3n y, en todo caso, para mantener el contacto y la comunicaci\u00f3n con estas.<br \/>\nInformaci\u00f3n general o de eventos por medios electr\u00f3nicos, siempre que exista autorizaci\u00f3n expresa.<br \/>\nRealizar an\u00e1lisis y mejoras en la Web, sobre nuestros servicios.<\/p>\n<p><strong>\u00bfCu\u00e1l es la legitimaci\u00f3n para el tratamiento de sus datos?<\/strong><\/p>\n<p>RGPD 2016\/679 Art\u00edculo 6.1a) el interesado dio su consentimiento para el tratamiento de sus datos personales para uno o varios fines espec\u00edficos.<\/p>\n<p><strong>Cumplimiento de obligaciones legales por nuestra parte.<\/strong><br \/>\nLa aceptaci\u00f3n y consentimiento del interesado: en aquellos casos donde para realizar una solicitud sea necesario cumplimentar un formulario y hacer un \u201cclick\u201d en el bot\u00f3n de enviar, la realizaci\u00f3n del mismo implicar\u00e1 necesariamente que ha sido informado y ha otorgado expresamente su consentimiento al contenido de la cl\u00e1usula anexada a dicho formulario o aceptaci\u00f3n de la pol\u00edtica de privacidad.<\/p>\n<p><strong>\u00bfA qui\u00e9nes le comunicaremos sus datos?<\/strong><\/p>\n<p>Los datos que nos proporcionas podr\u00e1n ser comunicados a terceras entidades para el cumplimiento de fines directamente relacionados con funciones leg\u00edtimas de persona cedente y persona cesionaria, como a las entidades u organismos a los que exista obligaci\u00f3n legal de realizar comunicaciones de datos, entidades u organizaciones p\u00fablicas o privadas con las que lleguemos a acuerdos para desarrollar proyectos sociales, culturales o deportivos o acuerdos de colaboraci\u00f3n, etc.<\/p>\n<p><strong>\u00bfDurante qu\u00e9 plazo almacenaremos sus datos?<\/strong><\/p>\n<p>Los datos personales ser\u00e1n mantenidos mientras se mantenga la vinculaci\u00f3n con el Responsable. Al finalizar los mismos, los datos personales tratados en cada una de las finalidades indicadas se mantendr\u00e1n durante los plazos legalmente previstos o durante el plazo que un juez o tribunal los pueda requerir atendiendo al plazo de prescripci\u00f3n de acciones judiciales. Los datos tratados se mantendr\u00e1n en tanto no expiren los plazos legales aludidos anteriormente, si hubiera obligaci\u00f3n legal de mantenimiento, o de no existir ese plazo legal, hasta que el interesado solicite su supresi\u00f3n o revoque el consentimiento otorgado.<\/p>\n<p><strong>\u00bfCu\u00e1les son sus derechos?<\/strong><\/p>\n<p>A saber, si estamos tratando sus datos o no.<br \/>\nA acceder a sus datos personales.<br \/>\nA solicitar la rectificaci\u00f3n de sus datos si son inexactos.<br \/>\nA solicitar la supresi\u00f3n de sus datos si ya no son necesarios para los fines para los que fueron recogidos o si nos retira el consentimiento otorgado.<br \/>\nA solicitar el derecho a oponerse a un determinado tratamiento basado en el consentimiento del interesado.<br \/>\nA solicitar la limitaci\u00f3n del tratamiento de sus datos, en algunos supuestos, en cuyo caso s\u00f3lo se conservar\u00e1n de acuerdo con la normativa vigente.<br \/>\nA portar sus datos, que le ser\u00e1n facilitados en un formato estructurado, de uso com\u00fan o lectura mec\u00e1nica.<br \/>\nA presentar una reclamaci\u00f3n ante el Delegado de Protecci\u00f3n de Datos (en su caso) o ante la Agencia Espa\u00f1ola de Protecci\u00f3n de Datos o autoridad de control competente, si cree que no le hemos atendido correctamente.<br \/>\nA revocar el consentimiento para cada finalidad espec\u00edfica, sin que ello afecte a licitud del tratamiento basado en el consentimiento expreso.<\/p>\n<p><strong>\u00bfC\u00f3mo puede ejercer sus derechos?<\/strong><\/p>\n<p>Le informamos que podr\u00e1 ejercitar los derechos de acceso, rectificaci\u00f3n, supresi\u00f3n y oposici\u00f3n, mediante escrito junto con fotocopia de DNI al Delegado de Protecci\u00f3n de Datos, en la siguiente direcci\u00f3n:<\/p>\n<p>Los datos de identificaci\u00f3n del RESPONSABLE DEL TRATAMIENTO son los siguientes:<\/p>\n<p>\u2022 NOMBRE EMPRESA : CAN SKYE IBIZA SL<br \/>\n\u2022 CIF:B57973521<br \/>\n\u2022 DIRECCI\u00d3N EMPRESA: Calle Finca Can Skye Poligono 8 41 SANT CARLE. 07840, Santa Eulalia Del Rio (Illes Balears). Espa\u00f1a<br \/>\n\u2022 EMAIL EMPRESA:\u00a0 info@canskye.com<br \/>\n\u2022 TELEFONO: +34 665139886<\/p>\n<p>\u2022 PERSONA RESPONSABLE DE CONTACTO: Anna Wikstrom<br \/>\n\u2022 DIRECCI\u00d3N ; Calle Finca Can Skye Poligono 8 41 SANT CARLE. 07840, Santa Eulalia Del Rio (Illes Balears). Espa\u00f1a<br \/>\n\u2022 EMAIL EMPRESA:\u00a0 info@canskye.com<br \/>\n\u2022 TELEFONO: +34 665139886<br \/>\n\u2022 WEB: canskye.com<\/p>\n<p>&nbsp;<\/p>\n<p>Para cualquier gesti\u00f3n de protecci\u00f3n de datos puede contactar mediante un correo electr\u00f3nico a info@canskye.com, poniendo en asunto:\u00a0<strong>RGPD<\/strong><\/p>\n<p>En determinados supuestos el interesado podr\u00e1 solicitar la limitaci\u00f3n del tratamiento de sus datos, en cuyo caso s\u00f3lo los conservaremos de acuerdo con la normativa vigente.<\/p>\n<p>En determinados supuestos puede ejercitar su derecho a la portabilidad de los datos, que ser\u00e1n entregados en un formato estructurado, de uso com\u00fan o lectura mec\u00e1nica a usted o el nuevo responsable de tratamiento que designe.<\/p>\n<p>Tiene derecho a revocar en cualquier momento el consentimiento para cualquiera de los tratamientos para los que lo ha otorgado. Se informa al interesado o representante del mismo, que podr\u00e1 presentar una reclamaci\u00f3n ante la Agencia Espa\u00f1ola de Protecci\u00f3n de Datos, en el supuesto que considere que no se ha atendido convenientemente el ejercicio de sus derechos.<\/p>\n<p><strong>Cambios en la Pol\u00edtica de Privacidad:<\/strong><\/p>\n<p>CANSKYE.COM, se reserva el derecho a modificar o adaptar la presente Pol\u00edtica de Privacidad en todo momento. Por lo tanto, le recomendamos que revise la misma cada vez que acceda a la P\u00e1gina Web. En el supuesto de que usuario se haya registrado en la p\u00e1gina web y acceda a su cuenta o perfil, al acceder a la misma, se le informar\u00e1 en el supuesto de que haya habido modificaciones sustanciales en relaci\u00f3n con el tratamiento de sus datos personales.<\/p>\n<p>Banner informativo con tecnolog\u00eda de:<\/p>\n<p><img loading=\"lazy\" decoding=\"async\" class=\"alignnone size-full wp-image-491\" src=\"https:\/\/www.canskye.com\/wp-content\/uploads\/2024\/11\/COOKIES-SCRIPT.jpg\" alt=\"cookie script logo\" width=\"300\" height=\"49\" \/><\/p>\n<p><strong>Esquema informativo de su uso y caracter\u00edsticas con t\u00e9cnolog\u00eda de<\/strong><\/p>\n<p><img loading=\"lazy\" decoding=\"async\" class=\"alignnone size-full wp-image-490\" src=\"https:\/\/www.canskye.com\/wp-content\/uploads\/2024\/11\/maxresdefault-300x169-1.jpg\" alt=\"another logo\" width=\"300\" height=\"169\" \/><\/p>\n<p>CookieScript es un CMP certificado por Google<\/p>\n<p>Los banners de consentimiento de cookies permiten a los usuarios de sitios web o aplicaciones controlar c\u00f3mo se utilizan sus datos personales para publicidad o an\u00e1lisis. Google, al estar asociado con Consent Management Platforms ( CMP ), ayuda a realizar campa\u00f1as de marketing, usar herramientas de an\u00e1lisis y monitorear conversiones mientras cumple con GDPR y otras leyes de privacidad .<\/p>\n<p>&nbsp;<\/p>\n<p>&nbsp;<\/p>\n<header class=\"article-header clearfix\">\n<p style=\"text-align: center;\"><strong>Esquema informativo de su uso y caracter\u00edsticas con t\u00e9cnolog\u00eda de<\/strong><\/p>\n<\/header>\n<header class=\"article-header clearfix\">\n<h1><img loading=\"lazy\" decoding=\"async\" class=\"size-medium wp-image-8516 aligncenter\" src=\"https:\/\/isabelperezpalerm.com\/wp-content\/uploads\/2023\/08\/maxresdefault-300x169.jpg\" alt=\"one more logo\" width=\"300\" height=\"169\" \/><\/h1>\n<h1 class=\"article-title\" style=\"text-align: center;\"><span style=\"font-size: 10pt;\"><span class=\"VIpgJd-yAWNEb-VIpgJd-fmcmS-sn54Q\">CookieScript es un CMP certificado por Google<\/span><\/span><\/h1>\n<\/header>\n<section class=\"article-content clearfix\">\n<p style=\"text-align: center;\"><span style=\"font-size: 10pt;\"><a title=\"Banners de consentimiento de cookies\" href=\"https:\/\/cookie-script.com\/documentation\/cookie-banner\" target=\"_blank\" rel=\"noopener noreferrer nofollow\">Los banners de consentimiento de cookies<\/a>\u00a0permiten a los usuarios de sitios web o aplicaciones controlar c\u00f3mo se utilizan sus datos personales para publicidad o an\u00e1lisis.\u00a0Google, al estar asociado con Consent Management Platforms (\u00a0<a title=\"CMP\" href=\"https:\/\/cookie-script.com\/consent-management-platform\" target=\"_blank\" rel=\"noopener noreferrer nofollow\">CMP<\/a>\u00a0), ayuda a realizar campa\u00f1as de marketing, usar herramientas de an\u00e1lisis y monitorear conversiones mientras cumple con\u00a0<a title=\"RGPD\" href=\"https:\/\/cookie-script.com\/gdpr-and-e-privacy-regulation-compliance.html\" target=\"_blank\" rel=\"noopener noreferrer nofollow\">GDPR<\/a>\u00a0y otras\u00a0<a title=\"leyes de privacidad\" href=\"https:\/\/cookie-script.com\/legal-information\/\" target=\"_blank\" rel=\"noopener noreferrer nofollow\">leyes de privacidad<\/a>\u00a0.<\/span><\/p>\n<\/section>\n<div class=\"d-flex align-items-center mb-3\">\n<p class=\"text-semi-lg mr-3 mb-0\"><strong>Necesaria<\/strong><\/p>\n<\/div>\n<div class=\"description mb-4\">\n<p>Las cookies necesarias son cruciales para las funciones b\u00e1sicas del sitio web y el sitio web no funcionar\u00e1 de la forma prevista sin ellas.<\/p>\n<p>Estas cookies no almacenan ning\u00fan dato de identificaci\u00f3n personal.<\/p>\n<\/div>\n<table>\n<thead>\n<tr>\n<th class=\"border-0\">Id<\/th>\n<th class=\"border-0\">Domain<\/th>\n<th class=\"border-0\">Duration<\/th>\n<th class=\"border-0\"><\/th>\n<\/tr>\n<\/thead>\n<tbody>\n<tr>\n<td>cookieyes-consent<\/td>\n<td>canskye.com<\/td>\n<td class=\"\">1 a\u00f1o<\/td>\n<td class=\"text-nowrap\"><button class=\"btn bg-transparent border-0 p-0 ml-3\" title=\"Edit Cookie\"><\/button>\u00a0<button class=\"btn bg-transparent border-0 p-0 ml-3\" title=\"Delete Cookie\"><\/button><\/td>\n<\/tr>\n<\/tbody>\n<\/table>\n<table>\n<thead>\n<tr>\n<th class=\"border-0\">Description<\/th>\n<\/tr>\n<\/thead>\n<tbody>\n<tr>\n<td>CookieYes establece esta cookie para recordar las preferencias de consentimiento de los usuarios, de modo que se respeten sus preferencias en las siguientes visitas a este sitio. No recoge ni almacena ninguna informaci\u00f3n personal sobre los visitantes del sitio.<\/td>\n<\/tr>\n<\/tbody>\n<\/table>\n<table>\n<thead>\n<tr>\n<th class=\"border-0\">Id<\/th>\n<th class=\"border-0\">Domain<\/th>\n<th class=\"border-0\">Duration<\/th>\n<th class=\"border-0\"><\/th>\n<\/tr>\n<\/thead>\n<tbody>\n<tr>\n<td>elementor<\/td>\n<td>canskye.com<\/td>\n<td class=\"\">Nunca<\/td>\n<td class=\"text-nowrap\"><button class=\"btn bg-transparent border-0 p-0 ml-3\" title=\"Edit Cookie\"><\/button>\u00a0<button class=\"btn bg-transparent border-0 p-0 ml-3\" title=\"Delete Cookie\"><\/button><\/td>\n<\/tr>\n<\/tbody>\n<\/table>\n<table>\n<thead>\n<tr>\n<th class=\"border-0\">Description<\/th>\n<\/tr>\n<\/thead>\n<tbody>\n<tr>\n<td>El tema de WordPress del sitio web establece esta cookie. Permite al propietario del sitio web implementar o cambiar el contenido del sitio web en tiempo real.<\/td>\n<\/tr>\n<\/tbody>\n<\/table>\n<div class=\"d-flex align-items-center mb-3\">\n<p class=\"text-semi-lg mr-3 mb-0\"><strong>Funcional<\/strong><\/p>\n<\/div>\n<div class=\"description mb-4\">\n<p>Las cookies funcionales ayudan a realizar ciertas funcionalidades, como compartir el contenido del sitio web en plataformas de redes sociales, recopilar comentarios y otras caracter\u00edsticas de terceros.<\/p>\n<\/div>\n<div id=\"__BVID__3594\" class=\"tabs cookies-script-tab\">\n<div id=\"__BVID__3594__BV_tab_container_\" class=\"tab-content mt-3 position-relative\">\n<div id=\"__BVID__3595\" class=\"tab-pane active\" role=\"tabpanel\" aria-hidden=\"false\" aria-labelledby=\"__BVID__3595___BV_tab_button__\">\n<div class=\"text-muted font-weight-semibold\">Discovered Cookies<\/div>\n<div class=\"table-responsive\">\n<table class=\"table table-separated table-separated-inverse\">\n<tbody>\n<tr>\n<td class=\"px-0\">\n<table>\n<thead>\n<tr>\n<th class=\"border-0\">Id<\/th>\n<th class=\"border-0\">Domain<\/th>\n<th class=\"border-0\">Duration<\/th>\n<th class=\"border-0\"><\/th>\n<\/tr>\n<\/thead>\n<tbody>\n<tr>\n<td>pll_language<\/td>\n<td>canskye.com<\/td>\n<td class=\"\">1 a\u00f1o<\/td>\n<td class=\"text-nowrap\"><button class=\"btn bg-transparent border-0 p-0 ml-3\" title=\"Edit Cookie\"><\/button>\u00a0<button class=\"btn bg-transparent border-0 p-0 ml-3\" title=\"Delete Cookie\"><\/button><\/td>\n<\/tr>\n<\/tbody>\n<\/table>\n<table>\n<thead>\n<tr>\n<th class=\"border-0\">Description<\/th>\n<\/tr>\n<\/thead>\n<tbody>\n<tr>\n<td>Polylang establece esta cookie para recordar el idioma que el usuario selecciona al volver al sitio web y obtener la informaci\u00f3n del idioma cuando no est\u00e9 disponible en otro modo.<\/td>\n<\/tr>\n<\/tbody>\n<\/table>\n<\/td>\n<\/tr>\n<\/tbody>\n<\/table>\n<\/div>\n<\/div>\n<\/div>\n<\/div>\n<div class=\"d-flex align-items-center mb-3\">\n<p class=\"text-semi-lg mr-3 mb-0\"><strong>Anal\u00edtica<\/strong><\/p>\n<div><\/div>\n<\/div>\n<div class=\"description mb-4\">\n<p>Las cookies anal\u00edticas se utilizan para comprender c\u00f3mo interact\u00faan los visitantes con el sitio web. Estas cookies ayudan a proporcionar informaci\u00f3n sobre m\u00e9tricas el n\u00famero de visitantes, el porcentaje de rebote, la fuente de tr\u00e1fico, etc.<\/p>\n<\/div>\n<div id=\"__BVID__3603\" class=\"tabs cookies-script-tab\">\n<div id=\"__BVID__3603__BV_tab_container_\" class=\"tab-content mt-3 position-relative\">\n<div id=\"__BVID__3604\" class=\"tab-pane active\" role=\"tabpanel\" aria-hidden=\"false\" aria-labelledby=\"__BVID__3604___BV_tab_button__\">\n<div class=\"text-muted font-weight-semibold\">Discovered Cookies<\/div>\n<div class=\"table-responsive\">\n<table class=\"table table-separated table-separated-inverse\">\n<tbody>\n<tr>\n<td class=\"px-0\">\n<table>\n<thead>\n<tr>\n<th class=\"border-0\">Id<\/th>\n<th class=\"border-0\">Domain<\/th>\n<th class=\"border-0\">Duration<\/th>\n<th class=\"border-0\"><\/th>\n<\/tr>\n<\/thead>\n<tbody>\n<tr>\n<td>_ga<\/td>\n<td>canskye.com<\/td>\n<td class=\"\">1 a\u00f1o 1 mes 4 d\u00edas<\/td>\n<td class=\"text-nowrap\"><button class=\"btn bg-transparent border-0 p-0 ml-3\" title=\"Edit Cookie\"><\/button>\u00a0<button class=\"btn bg-transparent border-0 p-0 ml-3\" title=\"Delete Cookie\"><\/button><\/td>\n<\/tr>\n<\/tbody>\n<\/table>\n<table>\n<thead>\n<tr>\n<th class=\"border-0\">Description<\/th>\n<\/tr>\n<\/thead>\n<tbody>\n<tr>\n<td>Google Analytics establece esta cookie para calcular los datos de los visitantes, de las sesiones y de las campa\u00f1as y para hacer un seguimiento del uso del sitio para el informe de an\u00e1lisis del sitio. La cookie almacena la informaci\u00f3n de forma an\u00f3nima y asigna un n\u00famero generado aleatoriamente para reconocer a los visitantes \u00fanicos.<\/td>\n<\/tr>\n<\/tbody>\n<\/table>\n<\/td>\n<\/tr>\n<tr>\n<td class=\"px-0\">\n<table>\n<thead>\n<tr>\n<th class=\"border-0\">Id<\/th>\n<th class=\"border-0\">Domain<\/th>\n<th class=\"border-0\">Duration<\/th>\n<th class=\"border-0\"><\/th>\n<\/tr>\n<\/thead>\n<tbody>\n<tr>\n<td>_ga_*<\/td>\n<td>canskye.com<\/td>\n<td class=\"\">1 a\u00f1o 1 mes 4 d\u00edas<\/td>\n<td class=\"text-nowrap\"><button class=\"btn bg-transparent border-0 p-0 ml-3\" title=\"Edit Cookie\"><\/button>\u00a0<button class=\"btn bg-transparent border-0 p-0 ml-3\" title=\"Delete Cookie\"><\/button><\/td>\n<\/tr>\n<\/tbody>\n<\/table>\n<table>\n<thead>\n<tr>\n<th class=\"border-0\">Description<\/th>\n<\/tr>\n<\/thead>\n<tbody>\n<tr>\n<td>Google Analytics sets this cookie to store and count page views.<\/td>\n<\/tr>\n<\/tbody>\n<\/table>\n<\/td>\n<\/tr>\n<\/tbody>\n<\/table>\n<\/div>\n<\/div>\n<\/div>\n<\/div>\n<p><\/p>","protected":false},"excerpt":{"rendered":"<p>CONDICIONES LEGALES Y SU ACEPTACI\u00d3N A fecha de 13 de Marzo de 2024 Estas condiciones generales, regulan el uso del servicio del portal de Internet https:\/\/www.canskye.com OBJETO A trav\u00e9s de canskye.com, se facilita a los usuarios el acceso y la utilizaci\u00f3n de diversos servicios y contenidos que est\u00e1n a disposici\u00f3n. canskye.com se reserva el derecho [&hellip;]<\/p>\n","protected":false},"author":1,"featured_media":0,"parent":0,"menu_order":0,"comment_status":"closed","ping_status":"closed","template":"template-conditions.php","meta":{"_acf_changed":false,"footnotes":""},"class_list":["post-3","page","type-page","status-publish","hentry"],"acf":[],"_links":{"self":[{"href":"https:\/\/www.canskye.com\/es\/wp-json\/wp\/v2\/pages\/3","targetHints":{"allow":["GET"]}}],"collection":[{"href":"https:\/\/www.canskye.com\/es\/wp-json\/wp\/v2\/pages"}],"about":[{"href":"https:\/\/www.canskye.com\/es\/wp-json\/wp\/v2\/types\/page"}],"author":[{"embeddable":true,"href":"https:\/\/www.canskye.com\/es\/wp-json\/wp\/v2\/users\/1"}],"replies":[{"embeddable":true,"href":"https:\/\/www.canskye.com\/es\/wp-json\/wp\/v2\/comments?post=3"}],"version-history":[{"count":0,"href":"https:\/\/www.canskye.com\/es\/wp-json\/wp\/v2\/pages\/3\/revisions"}],"wp:attachment":[{"href":"https:\/\/www.canskye.com\/es\/wp-json\/wp\/v2\/media?parent=3"}],"curies":[{"name":"wp","href":"https:\/\/api.w.org\/{rel}","templated":true}]}}